{"id":4735,"date":"2020-03-25T14:10:00","date_gmt":"2020-03-25T13:10:00","guid":{"rendered":"https:\/\/www.astro.nl\/?page_id=4735"},"modified":"2023-02-12T08:52:08","modified_gmt":"2023-02-12T07:52:08","slug":"industriele-slangen","status":"publish","type":"page","link":"https:\/\/www.astro.nl\/en\/industriele-slangen\/","title":{"rendered":"Industrial hoses"},"content":{"rendered":"<div data-elementor-type=\"wp-page\" data-elementor-id=\"4735\" class=\"elementor elementor-4735\" data-elementor-post-type=\"page\">\n\t\t\t\t\t\t<section class=\"elementor-section elementor-top-section elementor-element elementor-element-caf987e elementor-section-boxed elementor-section-height-default elementor-section-height-default\" data-id=\"caf987e\" data-element_type=\"section\" data-e-type=\"section\">\n\t\t\t\t\t\t<div class=\"elementor-container elementor-column-gap-default\">\n\t\t\t\t\t<div class=\"elementor-column elementor-col-100 elementor-top-column elementor-element elementor-element-827f2a7\" data-id=\"827f2a7\" data-element_type=\"column\" data-e-type=\"column\">\n\t\t\t<div class=\"elementor-widget-wrap elementor-element-populated\">\n\t\t\t\t\t\t<div class=\"elementor-element elementor-element-8fcda85 elementor-widget elementor-widget-heading\" data-id=\"8fcda85\" data-element_type=\"widget\" data-e-type=\"widget\" data-widget_type=\"heading.default\">\n\t\t\t\t<div class=\"elementor-widget-container\">\n\t\t\t\t\t<h1 class=\"elementor-heading-title elementor-size-default\">Industrial hoses<\/h1>\t\t\t\t<\/div>\n\t\t\t\t<\/div>\n\t\t\t\t\t<\/div>\n\t\t<\/div>\n\t\t\t\t\t<\/div>\n\t\t<\/section>\n\t\t\t\t<section class=\"elementor-section elementor-top-section elementor-element elementor-element-20ba79c elementor-section-boxed elementor-section-height-default elementor-section-height-default\" data-id=\"20ba79c\" data-element_type=\"section\" data-e-type=\"section\">\n\t\t\t\t\t\t<div class=\"elementor-container elementor-column-gap-default\">\n\t\t\t\t\t<div class=\"elementor-column elementor-col-100 elementor-top-column elementor-element elementor-element-e09b3fd\" data-id=\"e09b3fd\" data-element_type=\"column\" data-e-type=\"column\">\n\t\t\t<div class=\"elementor-widget-wrap elementor-element-populated\">\n\t\t\t\t\t\t<div class=\"elementor-element elementor-element-2ef10078 elementor-widget elementor-widget-text-editor\" data-id=\"2ef10078\" data-element_type=\"widget\" data-e-type=\"widget\" data-widget_type=\"text-editor.default\">\n\t\t\t\t<div class=\"elementor-widget-container\">\n\t\t\t\t\t\t\t\t\t<p><\/p>\n<p><\/p>\n<p>Industrial hoses are indispensable in the production process. Together with <span style=\"text-decoration: underline;\"><a href=\"https:\/\/www.astro.nl\/producten\/verbindingstechnieken-koppelingen-en-fittingen\/\">industrial connections<\/a>,<\/span> the hoses ensure that the correct parts are connected to each other.<\/p>\n<p>There are a number of things that are important for good hoses:<\/p>\n<p><\/p>\n<ul>\n<li>Flexibility<\/li>\n<li>Quality<\/li>\n<li>Sustainability<\/li>\n<\/ul>\n<figure class=\"wp-block-image size-large\">\n<p>\u00a0<\/p>\n<figcaption class=\"wp-element-caption\"><\/figcaption>\n<\/figure>\n<p><\/p>\t\t\t\t\t\t\t\t<\/div>\n\t\t\t\t<\/div>\n\t\t\t\t\t<\/div>\n\t\t<\/div>\n\t\t\t\t\t<\/div>\n\t\t<\/section>\n\t\t\t\t<section class=\"elementor-section elementor-top-section elementor-element elementor-element-5160977 elementor-section-boxed elementor-section-height-default elementor-section-height-default\" data-id=\"5160977\" data-element_type=\"section\" data-e-type=\"section\">\n\t\t\t\t\t\t<div class=\"elementor-container elementor-column-gap-default\">\n\t\t\t\t\t<div class=\"elementor-column elementor-col-100 elementor-top-column elementor-element elementor-element-c0bde50\" data-id=\"c0bde50\" data-element_type=\"column\" data-e-type=\"column\">\n\t\t\t<div class=\"elementor-widget-wrap elementor-element-populated\">\n\t\t\t\t\t\t<div class=\"elementor-element elementor-element-1b8bd49 elementor-widget elementor-widget-image\" data-id=\"1b8bd49\" data-element_type=\"widget\" data-e-type=\"widget\" data-widget_type=\"image.default\">\n\t\t\t\t<div class=\"elementor-widget-container\">\n\t\t\t\t\t\t\t\t\t\t\t\t\t\t\t<img fetchpriority=\"high\" decoding=\"async\" width=\"300\" height=\"199\" src=\"https:\/\/www.astro.nl\/wordpress\/wp-content\/uploads\/2020\/03\/afbeelding-industri\u00eble-slangen-1-300x199.jpg\" class=\"attachment-medium size-medium wp-image-4756\" alt=\"industri\u00eble-slangen-\" srcset=\"https:\/\/www.astro.nl\/wordpress\/wp-content\/uploads\/2020\/03\/afbeelding-industri\u00eble-slangen-1-300x199.jpg 300w, https:\/\/www.astro.nl\/wordpress\/wp-content\/uploads\/2020\/03\/afbeelding-industri\u00eble-slangen-1-768x510.jpg 768w, https:\/\/www.astro.nl\/wordpress\/wp-content\/uploads\/2020\/03\/afbeelding-industri\u00eble-slangen-1.jpg 800w\" sizes=\"(max-width: 300px) 100vw, 300px\" \/>\t\t\t\t\t\t\t\t\t\t\t\t\t\t\t<\/div>\n\t\t\t\t<\/div>\n\t\t\t\t\t<\/div>\n\t\t<\/div>\n\t\t\t\t\t<\/div>\n\t\t<\/section>\n\t\t\t\t<section class=\"elementor-section elementor-top-section elementor-element elementor-element-6542fbc elementor-section-boxed elementor-section-height-default elementor-section-height-default\" data-id=\"6542fbc\" data-element_type=\"section\" data-e-type=\"section\">\n\t\t\t\t\t\t<div class=\"elementor-container elementor-column-gap-default\">\n\t\t\t\t\t<div class=\"elementor-column elementor-col-100 elementor-top-column elementor-element elementor-element-0d866aa\" data-id=\"0d866aa\" data-element_type=\"column\" data-e-type=\"column\">\n\t\t\t<div class=\"elementor-widget-wrap elementor-element-populated\">\n\t\t\t\t\t\t<div class=\"elementor-element elementor-element-e40ac70 elementor-widget elementor-widget-text-editor\" data-id=\"e40ac70\" data-element_type=\"widget\" data-e-type=\"widget\" data-widget_type=\"text-editor.default\">\n\t\t\t\t<div class=\"elementor-widget-container\">\n\t\t\t\t\t\t\t\t\t<h2>Plastic industrial hoses<\/h2>\n<p>\u00a0<\/p>\n<p>Different types of plastic used for these types of hoses. It depends on the application which type is most suitable. Some of the plastic hoses we offer are: polyamide hoses, polyethylene hoses, polyurethane hoses and fluoropolymer connections.<\/p>\n<p>Fluoropolymers include kynar, PTFE, FEP and PFA hoses. Many hoses can also be manufactured food-safe to the following standards: s FDA, (EU) No 10\/2011, (EU)\u00a0<a href=\"https:\/\/www.google.com\/url?sa=t&amp;rct=j&amp;q=&amp;esrc=s&amp;source=web&amp;cd=&amp;ved=2ahUKEwiFnPSV2oX8AhUpgv0HHUszDlsQFnoECBgQAQ&amp;url=https%3A%2F%2Feur-lex.europa.eu%2Flegal-content%2FEN%2FTXT%2F%3Furi%3Dcelex%253A32006R2023&amp;usg=AOvVaw050e3NVa_XTR2mtsgZ_K86\" target=\"_blank\" rel=\"noopener\"><span style=\"text-decoration: underline;\">No 2023\/2006<\/span><\/a>, (EC)\u00a0<span style=\"text-decoration: underline;\"><a href=\"https:\/\/www.google.com\/url?sa=t&amp;rct=j&amp;q=&amp;esrc=s&amp;source=web&amp;cd=&amp;ved=2ahUKEwij1v-q2oX8AhUP7rsIHaigDbUQFnoECBgQAQ&amp;url=https%3A%2F%2Feur-lex.europa.eu%2Flegal-content%2Fnl%2FALL%2F%3Furi%3DCELEX%253A32004R1935&amp;usg=AOvVaw1kfL0arT_pWgglhFkqrGLz\" target=\"_blank\" rel=\"noopener\">No 1935\/2004<\/a>,<\/span> DM\u00a0<span style=\"text-decoration: underline;\"><a href=\"https:\/\/www.google.com\/url?sa=t&amp;rct=j&amp;q=&amp;esrc=s&amp;source=web&amp;cd=&amp;ved=2ahUKEwipzo222oX8AhW5gf0HHacPCzEQFnoECBIQAQ&amp;url=https%3A%2F%2Fwww.efsa.europa.eu%2Fsites%2Fdefault%2Ffiles%2Fevent%2F170216%2F170216-p09.pdf&amp;usg=AOvVaw0jM9iEb4aF4h9AAimyK7fa\" target=\"_blank\" rel=\"noopener\">21.03.1973<\/a><\/span>.<\/p>\n<p>\u00a0<\/p>\n<h2>Hoses per industry<\/h2>\n<p>\u00a0<\/p>\n<p>Industrial hoses are found in every industry. For example in the automotive industry, but also in the food and beverage industry. There are of course differences between which hoses are suitable, thus it is important to carefully consider which type of hose is best for a particular production.<\/p>\n<p>\u00a0<\/p>\n<h2>Purchasing industrial hoses<\/h2>\n<p>\u00a0<\/p>\n<p>We are keen to advice you to make the correct choice. We are more than willing to supply sub-assemblies of which the hoses are part. This way we can guarantee that everything fits together properly and the different parts are compatible with each other.<\/p>\n<p><strong>Any questions about all the possibilities of our products? Then please <span style=\"text-decoration: underline;\"><a href=\"https:\/\/www.astro.nl\/contact\/\">contact<\/a><\/span> us to talk to one of our specialists.<\/strong><\/p>\t\t\t\t\t\t\t\t<\/div>\n\t\t\t\t<\/div>\n\t\t\t\t\t<\/div>\n\t\t<\/div>\n\t\t\t\t\t<\/div>\n\t\t<\/section>\n\t\t\t\t<\/div>","protected":false},"excerpt":{"rendered":"<p>Industri\u00eble slangen Industri\u00eble slangen zijn onmisbaar in het productieproces. Samen met industri\u00eble koppelingen, zorgen de slangen ervoor dat de juiste onderdelen met elkaar verbonden zijn. Er zijn een aantal zaken belangrijk voor goede slangen: flexibiliteit kwaliteit duurzaamheid \u00a0 Kunststof industri\u00eble slangen Er zijn verschillende soorten kunststof die worden gebruikt voor dit soort slangen. Het is [&hellip;]<\/p>\n","protected":false},"author":1,"featured_media":0,"parent":0,"menu_order":0,"comment_status":"closed","ping_status":"closed","template":"","meta":{"footnotes":""},"class_list":["post-4735","page","type-page","status-publish","hentry"],"yoast_head":"<!-- This site is optimized with the Yoast SEO plugin v27.3 - https:\/\/yoast.com\/product\/yoast-seo-wordpress\/ -->\n<title>Industri\u00eble slangen | Astro Controls<\/title>\n<meta name=\"description\" content=\"Industri\u00eble slangen zijn onmisbaar in het productieproces. Samen met industri\u00eble koppelingen zorgen ze ervoor dat onderdelen verbonden zijn.\" \/>\n<meta name=\"robots\" content=\"index, follow, max-snippet:-1, max-image-preview:large, max-video-preview:-1\" \/>\n<link rel=\"canonical\" href=\"https:\/\/www.astro.nl\/en\/industriele-slangen\/\" \/>\n<meta property=\"og:locale\" content=\"en_US\" \/>\n<meta property=\"og:type\" content=\"article\" \/>\n<meta property=\"og:title\" content=\"Industri\u00eble slangen | Astro Controls\" \/>\n<meta property=\"og:description\" content=\"Industri\u00eble slangen zijn onmisbaar in het productieproces. Samen met industri\u00eble koppelingen zorgen ze ervoor dat onderdelen verbonden zijn.\" \/>\n<meta property=\"og:url\" content=\"https:\/\/www.astro.nl\/en\/industriele-slangen\/\" \/>\n<meta property=\"og:site_name\" content=\"Astro Controls\" \/>\n<meta property=\"article:modified_time\" content=\"2023-02-12T07:52:08+00:00\" \/>\n<meta name=\"twitter:card\" content=\"summary_large_image\" \/>\n<meta name=\"twitter:label1\" content=\"Est. reading time\" \/>\n\t<meta name=\"twitter:data1\" content=\"2 minutes\" \/>\n<script type=\"application\/ld+json\" class=\"yoast-schema-graph\">{\"@context\":\"https:\\\/\\\/schema.org\",\"@graph\":[{\"@type\":\"WebPage\",\"@id\":\"https:\\\/\\\/www.astro.nl\\\/industriele-slangen\\\/\",\"url\":\"https:\\\/\\\/www.astro.nl\\\/industriele-slangen\\\/\",\"name\":\"Industri\u00eble slangen | Astro Controls\",\"isPartOf\":{\"@id\":\"https:\\\/\\\/www.astro.nl\\\/#website\"},\"datePublished\":\"2020-03-25T13:10:00+00:00\",\"dateModified\":\"2023-02-12T07:52:08+00:00\",\"description\":\"Industri\u00eble slangen zijn onmisbaar in het productieproces. Samen met industri\u00eble koppelingen zorgen ze ervoor dat onderdelen verbonden zijn.\",\"breadcrumb\":{\"@id\":\"https:\\\/\\\/www.astro.nl\\\/industriele-slangen\\\/#breadcrumb\"},\"inLanguage\":\"en-US\",\"potentialAction\":[{\"@type\":\"ReadAction\",\"target\":[\"https:\\\/\\\/www.astro.nl\\\/industriele-slangen\\\/\"]}]},{\"@type\":\"BreadcrumbList\",\"@id\":\"https:\\\/\\\/www.astro.nl\\\/industriele-slangen\\\/#breadcrumb\",\"itemListElement\":[{\"@type\":\"ListItem\",\"position\":1,\"name\":\"Home\",\"item\":\"https:\\\/\\\/www.astro.nl\\\/\"},{\"@type\":\"ListItem\",\"position\":2,\"name\":\"Industri\u00eble slangen\"}]},{\"@type\":\"WebSite\",\"@id\":\"https:\\\/\\\/www.astro.nl\\\/#website\",\"url\":\"https:\\\/\\\/www.astro.nl\\\/\",\"name\":\"Astro Controls\",\"description\":\"Elektrische Cilinders | Pneumatische Ventielen | Cobots\",\"publisher\":{\"@id\":\"https:\\\/\\\/www.astro.nl\\\/#organization\"},\"potentialAction\":[{\"@type\":\"SearchAction\",\"target\":{\"@type\":\"EntryPoint\",\"urlTemplate\":\"https:\\\/\\\/www.astro.nl\\\/?s={search_term_string}\"},\"query-input\":{\"@type\":\"PropertyValueSpecification\",\"valueRequired\":true,\"valueName\":\"search_term_string\"}}],\"inLanguage\":\"en-US\"},{\"@type\":\"Organization\",\"@id\":\"https:\\\/\\\/www.astro.nl\\\/#organization\",\"name\":\"Astro Controls\",\"url\":\"https:\\\/\\\/www.astro.nl\\\/\",\"logo\":{\"@type\":\"ImageObject\",\"inLanguage\":\"en-US\",\"@id\":\"https:\\\/\\\/www.astro.nl\\\/#\\\/schema\\\/logo\\\/image\\\/\",\"url\":\"https:\\\/\\\/www.astro.nl\\\/wordpress\\\/wp-content\\\/uploads\\\/2023\\\/08\\\/Astro_logo.png\",\"contentUrl\":\"https:\\\/\\\/www.astro.nl\\\/wordpress\\\/wp-content\\\/uploads\\\/2023\\\/08\\\/Astro_logo.png\",\"width\":1491,\"height\":804,\"caption\":\"Astro Controls\"},\"image\":{\"@id\":\"https:\\\/\\\/www.astro.nl\\\/#\\\/schema\\\/logo\\\/image\\\/\"},\"sameAs\":[\"https:\\\/\\\/www.linkedin.com\\\/company\\\/astro-controls-bv\"]}]}<\/script>\n<!-- \/ Yoast SEO plugin. -->","yoast_head_json":{"title":"Industri\u00eble slangen | Astro Controls","description":"Industri\u00eble slangen zijn onmisbaar in het productieproces. Samen met industri\u00eble koppelingen zorgen ze ervoor dat onderdelen verbonden zijn.","robots":{"index":"index","follow":"follow","max-snippet":"max-snippet:-1","max-image-preview":"max-image-preview:large","max-video-preview":"max-video-preview:-1"},"canonical":"https:\/\/www.astro.nl\/en\/industriele-slangen\/","og_locale":"en_US","og_type":"article","og_title":"Industri\u00eble slangen | Astro Controls","og_description":"Industri\u00eble slangen zijn onmisbaar in het productieproces. Samen met industri\u00eble koppelingen zorgen ze ervoor dat onderdelen verbonden zijn.","og_url":"https:\/\/www.astro.nl\/en\/industriele-slangen\/","og_site_name":"Astro Controls","article_modified_time":"2023-02-12T07:52:08+00:00","twitter_card":"summary_large_image","twitter_misc":{"Est. reading time":"2 minutes"},"schema":{"@context":"https:\/\/schema.org","@graph":[{"@type":"WebPage","@id":"https:\/\/www.astro.nl\/industriele-slangen\/","url":"https:\/\/www.astro.nl\/industriele-slangen\/","name":"Industri\u00eble slangen | Astro Controls","isPartOf":{"@id":"https:\/\/www.astro.nl\/#website"},"datePublished":"2020-03-25T13:10:00+00:00","dateModified":"2023-02-12T07:52:08+00:00","description":"Industri\u00eble slangen zijn onmisbaar in het productieproces. Samen met industri\u00eble koppelingen zorgen ze ervoor dat onderdelen verbonden zijn.","breadcrumb":{"@id":"https:\/\/www.astro.nl\/industriele-slangen\/#breadcrumb"},"inLanguage":"en-US","potentialAction":[{"@type":"ReadAction","target":["https:\/\/www.astro.nl\/industriele-slangen\/"]}]},{"@type":"BreadcrumbList","@id":"https:\/\/www.astro.nl\/industriele-slangen\/#breadcrumb","itemListElement":[{"@type":"ListItem","position":1,"name":"Home","item":"https:\/\/www.astro.nl\/"},{"@type":"ListItem","position":2,"name":"Industri\u00eble slangen"}]},{"@type":"WebSite","@id":"https:\/\/www.astro.nl\/#website","url":"https:\/\/www.astro.nl\/","name":"Astro Controls","description":"Elektrische Cilinders | Pneumatische Ventielen | Cobots","publisher":{"@id":"https:\/\/www.astro.nl\/#organization"},"potentialAction":[{"@type":"SearchAction","target":{"@type":"EntryPoint","urlTemplate":"https:\/\/www.astro.nl\/?s={search_term_string}"},"query-input":{"@type":"PropertyValueSpecification","valueRequired":true,"valueName":"search_term_string"}}],"inLanguage":"en-US"},{"@type":"Organization","@id":"https:\/\/www.astro.nl\/#organization","name":"Astro Controls","url":"https:\/\/www.astro.nl\/","logo":{"@type":"ImageObject","inLanguage":"en-US","@id":"https:\/\/www.astro.nl\/#\/schema\/logo\/image\/","url":"https:\/\/www.astro.nl\/wordpress\/wp-content\/uploads\/2023\/08\/Astro_logo.png","contentUrl":"https:\/\/www.astro.nl\/wordpress\/wp-content\/uploads\/2023\/08\/Astro_logo.png","width":1491,"height":804,"caption":"Astro Controls"},"image":{"@id":"https:\/\/www.astro.nl\/#\/schema\/logo\/image\/"},"sameAs":["https:\/\/www.linkedin.com\/company\/astro-controls-bv"]}]}},"_links":{"self":[{"href":"https:\/\/www.astro.nl\/en\/wp-json\/wp\/v2\/pages\/4735","targetHints":{"allow":["GET"]}}],"collection":[{"href":"https:\/\/www.astro.nl\/en\/wp-json\/wp\/v2\/pages"}],"about":[{"href":"https:\/\/www.astro.nl\/en\/wp-json\/wp\/v2\/types\/page"}],"author":[{"embeddable":true,"href":"https:\/\/www.astro.nl\/en\/wp-json\/wp\/v2\/users\/1"}],"replies":[{"embeddable":true,"href":"https:\/\/www.astro.nl\/en\/wp-json\/wp\/v2\/comments?post=4735"}],"version-history":[{"count":45,"href":"https:\/\/www.astro.nl\/en\/wp-json\/wp\/v2\/pages\/4735\/revisions"}],"predecessor-version":[{"id":12828,"href":"https:\/\/www.astro.nl\/en\/wp-json\/wp\/v2\/pages\/4735\/revisions\/12828"}],"wp:attachment":[{"href":"https:\/\/www.astro.nl\/en\/wp-json\/wp\/v2\/media?parent=4735"}],"curies":[{"name":"wp","href":"https:\/\/api.w.org\/{rel}","templated":true}]}}