{"id":3429,"date":"2017-03-16T15:12:04","date_gmt":"2017-03-16T14:12:04","guid":{"rendered":"http:\/\/www.astro.nl\/?page_id=3429"},"modified":"2026-05-03T14:17:35","modified_gmt":"2026-05-03T12:17:35","slug":"nieuwsbrieven","status":"publish","type":"page","link":"https:\/\/www.astro.nl\/en\/nieuwsbrieven\/","title":{"rendered":"Newsletters"},"content":{"rendered":"\t\t<div data-elementor-type=\"wp-page\" data-elementor-id=\"3429\" class=\"elementor elementor-3429\" data-elementor-post-type=\"page\">\n\t\t\t\t\t\t<section class=\"elementor-section elementor-top-section elementor-element elementor-element-a3fdac2 elementor-section-stretched elementor-section-boxed elementor-section-height-default elementor-section-height-default\" data-id=\"a3fdac2\" data-element_type=\"section\" data-e-type=\"section\" data-settings=\"{&quot;stretch_section&quot;:&quot;section-stretched&quot;}\">\n\t\t\t\t\t\t\t<div class=\"elementor-background-overlay\"><\/div>\n\t\t\t\t\t\t\t<div class=\"elementor-container elementor-column-gap-default\">\n\t\t\t\t\t<div class=\"elementor-column elementor-col-100 elementor-top-column elementor-element elementor-element-81d98ad\" data-id=\"81d98ad\" data-element_type=\"column\" data-e-type=\"column\">\n\t\t\t<div class=\"elementor-widget-wrap elementor-element-populated\">\n\t\t\t\t\t\t<div class=\"elementor-element elementor-element-e77d398 elementor-search-form--skin-minimal elementor-widget elementor-widget-search-form\" data-id=\"e77d398\" data-element_type=\"widget\" data-e-type=\"widget\" data-settings=\"{&quot;skin&quot;:&quot;minimal&quot;}\" data-widget_type=\"search-form.default\">\n\t\t\t\t<div class=\"elementor-widget-container\">\n\t\t\t\t\t\t\t<search role=\"search\">\n\t\t\t<form class=\"elementor-search-form\" action=\"https:\/\/www.astro.nl\/en\" method=\"get\">\n\t\t\t\t\t\t\t\t\t\t\t\t<div class=\"elementor-search-form__container\">\n\t\t\t\t\t<label class=\"elementor-screen-only\" for=\"elementor-search-form-e77d398\">Search<\/label>\n\n\t\t\t\t\t\t\t\t\t\t\t<div class=\"elementor-search-form__icon\">\n\t\t\t\t\t\t\t<div class=\"e-font-icon-svg-container\"><svg aria-hidden=\"true\" class=\"e-font-icon-svg e-fas-search\" viewBox=\"0 0 512 512\" xmlns=\"http:\/\/www.w3.org\/2000\/svg\"><path d=\"M505 442.7L405.3 343c-4.5-4.5-10.6-7-17-7H372c27.6-35.3 44-79.7 44-128C416 93.1 322.9 0 208 0S0 93.1 0 208s93.1 208 208 208c48.3 0 92.7-16.4 128-44v16.3c0 6.4 2.5 12.5 7 17l99.7 99.7c9.4 9.4 24.6 9.4 33.9 0l28.3-28.3c9.4-9.4 9.4-24.6.1-34zM208 336c-70.7 0-128-57.2-128-128 0-70.7 57.2-128 128-128 70.7 0 128 57.2 128 128 0 70.7-57.2 128-128 128z\"><\/path><\/svg><\/div>\t\t\t\t\t\t\t<span class=\"elementor-screen-only\">Search<\/span>\n\t\t\t\t\t\t<\/div>\n\t\t\t\t\t\n\t\t\t\t\t<input id=\"elementor-search-form-e77d398\" placeholder=\"Zoeken...\" class=\"elementor-search-form__input\" type=\"search\" name=\"s\" value=\"\">\n\t\t\t\t\t\n\t\t\t\t\t\n\t\t\t\t\t\t\t\t\t<\/div>\n\t\t\t<\/form>\n\t\t<\/search>\n\t\t\t\t\t\t<\/div>\n\t\t\t\t<\/div>\n\t\t\t\t\t<\/div>\n\t\t<\/div>\n\t\t\t\t\t<\/div>\n\t\t<\/section>\n\t\t\t\t<section class=\"elementor-section elementor-top-section elementor-element elementor-element-7ac7d710 elementor-section-boxed elementor-section-height-default elementor-section-height-default\" data-id=\"7ac7d710\" data-element_type=\"section\" data-e-type=\"section\">\n\t\t\t\t\t\t<div class=\"elementor-container elementor-column-gap-default\">\n\t\t\t\t\t<div class=\"elementor-column elementor-col-100 elementor-top-column elementor-element elementor-element-18c94e8f\" data-id=\"18c94e8f\" data-element_type=\"column\" data-e-type=\"column\">\n\t\t\t<div class=\"elementor-widget-wrap elementor-element-populated\">\n\t\t\t\t\t\t<div class=\"elementor-element elementor-element-62e3620 elementor-widget elementor-widget-spacer\" data-id=\"62e3620\" data-element_type=\"widget\" data-e-type=\"widget\" data-widget_type=\"spacer.default\">\n\t\t\t\t<div class=\"elementor-widget-container\">\n\t\t\t\t\t\t\t<div class=\"elementor-spacer\">\n\t\t\t<div class=\"elementor-spacer-inner\"><\/div>\n\t\t<\/div>\n\t\t\t\t\t\t<\/div>\n\t\t\t\t<\/div>\n\t\t\t\t<div class=\"elementor-element elementor-element-a3044f9 elementor-widget elementor-widget-heading\" data-id=\"a3044f9\" data-element_type=\"widget\" data-e-type=\"widget\" data-widget_type=\"heading.default\">\n\t\t\t\t<div class=\"elementor-widget-container\">\n\t\t\t\t\t<h1 class=\"elementor-heading-title elementor-size-default\">Nieuwsbrief<\/h1>\t\t\t\t<\/div>\n\t\t\t\t<\/div>\n\t\t\t\t<div class=\"elementor-element elementor-element-aed1e30 elementor-widget elementor-widget-text-editor\" data-id=\"aed1e30\" data-element_type=\"widget\" data-e-type=\"widget\" data-widget_type=\"text-editor.default\">\n\t\t\t\t<div class=\"elementor-widget-container\">\n\t\t\t\t\t\t\t\t\t<p>Wij hebben regelmatig nieuws over allerlei ontwikkelingen; nieuwe producten, nieuwe technologie\u00ebn, marktontwikkelingen \u00e9n aanbiedingen. Wij informeren u graag via onze nieuwsbrief. De nieuwsbrief wordt \u00e9\u00e9ns per maand verstuurd. U kunt zich op eenvoudige&nbsp;wijze&nbsp;uitschrijven uit ons&nbsp;e-mail bestand, door onderaan de nieuwsbrief op <em>afmelden <\/em>te klikken.<\/p>\n<h2><a href=\"https:\/\/mailchi.mp\/astro.nl\/laaggeprijsde-actuatoren-compact-formaat-elegant-ontwerp-441012\">Klik hier voor de nieuwsbrief<\/a><\/h2>\n<p>Wilt u onze nieuwsbrief ontvangen? Vul dan uw gegevens hieronder in.<\/p>\n<p><!--End mc_embed_signup--><\/p>\t\t\t\t\t\t\t\t<\/div>\n\t\t\t\t<\/div>\n\t\t\t\t\t<\/div>\n\t\t<\/div>\n\t\t\t\t\t<\/div>\n\t\t<\/section>\n\t\t\t\t<section class=\"elementor-section elementor-top-section elementor-element elementor-element-d969565 elementor-section-boxed elementor-section-height-default elementor-section-height-default\" data-id=\"d969565\" data-element_type=\"section\" data-e-type=\"section\">\n\t\t\t\t\t\t<div class=\"elementor-container elementor-column-gap-default\">\n\t\t\t\t\t<div class=\"elementor-column elementor-col-100 elementor-top-column elementor-element elementor-element-96c86e6\" data-id=\"96c86e6\" data-element_type=\"column\" data-e-type=\"column\">\n\t\t\t<div class=\"elementor-widget-wrap elementor-element-populated\">\n\t\t\t\t\t\t<div class=\"elementor-element elementor-element-af98c19 elementor-button-align-stretch elementor-widget elementor-widget-form\" data-id=\"af98c19\" data-element_type=\"widget\" data-e-type=\"widget\" data-settings=\"{&quot;step_next_label&quot;:&quot;Next&quot;,&quot;step_previous_label&quot;:&quot;Previous&quot;,&quot;button_width&quot;:&quot;100&quot;,&quot;step_type&quot;:&quot;number_text&quot;,&quot;step_icon_shape&quot;:&quot;circle&quot;}\" data-widget_type=\"form.default\">\n\t\t\t\t<div class=\"elementor-widget-container\">\n\t\t\t\t\t\t\t<form class=\"elementor-form\" method=\"post\" name=\"Nieuw Formulier\" aria-label=\"Nieuw Formulier\">\n\t\t\t<input type=\"hidden\" name=\"post_id\" value=\"3429\"\/>\n\t\t\t<input type=\"hidden\" name=\"form_id\" value=\"af98c19\"\/>\n\t\t\t<input type=\"hidden\" name=\"referer_title\" value=\"De nieuwsbrief | Blijf op de hoogte van het laatste nieuws\" \/>\n\n\t\t\t\t\t\t\t<input type=\"hidden\" name=\"queried_id\" value=\"3429\"\/>\n\t\t\t\n\t\t\t<div class=\"elementor-form-fields-wrapper elementor-labels-above\">\n\t\t\t\t\t\t\t\t<div class=\"elementor-field-type-text elementor-field-group elementor-column elementor-field-group-name elementor-col-100\">\n\t\t\t\t\t\t\t\t\t\t\t\t<label for=\"form-field-name\" class=\"elementor-field-label\">\n\t\t\t\t\t\t\t\tName\t\t\t\t\t\t\t<\/label>\n\t\t\t\t\t\t\t\t\t\t\t\t\t\t<input size=\"1\" type=\"text\" name=\"form_fields[name]\" id=\"form-field-name\" class=\"elementor-field elementor-size-sm  elementor-field-textual\" placeholder=\"Name\">\n\t\t\t\t\t\t\t\t\t\t\t<\/div>\n\t\t\t\t\t\t\t\t<div class=\"elementor-field-type-email elementor-field-group elementor-column elementor-field-group-email elementor-col-100 elementor-field-required\">\n\t\t\t\t\t\t\t\t\t\t\t\t<label for=\"form-field-email\" class=\"elementor-field-label\">\n\t\t\t\t\t\t\t\tEmail\t\t\t\t\t\t\t<\/label>\n\t\t\t\t\t\t\t\t\t\t\t\t\t\t<input size=\"1\" type=\"email\" name=\"form_fields[email]\" id=\"form-field-email\" class=\"elementor-field elementor-size-sm  elementor-field-textual\" placeholder=\"Email\" required=\"required\">\n\t\t\t\t\t\t\t\t\t\t\t<\/div>\n\t\t\t\t\t\t\t\t<div class=\"elementor-field-type-textarea elementor-field-group elementor-column elementor-field-group-message elementor-col-100\">\n\t\t\t\t\t\t\t\t\t\t\t\t<label for=\"form-field-message\" class=\"elementor-field-label\">\n\t\t\t\t\t\t\t\tMessage\t\t\t\t\t\t\t<\/label>\n\t\t\t\t\t\t<textarea class=\"elementor-field-textual elementor-field  elementor-size-sm\" name=\"form_fields[message]\" id=\"form-field-message\" rows=\"4\" placeholder=\"Message\"><\/textarea>\t\t\t\t<\/div>\n\t\t\t\t\t\t\t\t<div class=\"elementor-field-type-recaptcha_v3 elementor-field-group elementor-column elementor-field-group-field_82da4b2 elementor-col-100 recaptcha_v3-bottomright\">\n\t\t\t\t\t<div class=\"elementor-field\" id=\"form-field-field_82da4b2\"><div class=\"elementor-g-recaptcha\" data-sitekey=\"6LdYTI4bAAAAAG1qD4npJawCZm-BJRNgb021m5WE\" data-type=\"v3\" data-action=\"Form\" data-badge=\"bottomright\" data-size=\"invisible\"><\/div><\/div>\t\t\t\t<\/div>\n\t\t\t\t\t\t\t\t<div class=\"elementor-field-group elementor-column elementor-field-type-submit elementor-col-100 e-form__buttons\">\n\t\t\t\t\t<button class=\"elementor-button elementor-size-sm\" type=\"submit\">\n\t\t\t\t\t\t<span class=\"elementor-button-content-wrapper\">\n\t\t\t\t\t\t\t\t\t\t\t\t\t\t\t\t\t\t\t\t\t\t<span class=\"elementor-button-text\">Send<\/span>\n\t\t\t\t\t\t\t\t\t\t\t\t\t<\/span>\n\t\t\t\t\t<\/button>\n\t\t\t\t<\/div>\n\t\t\t<\/div>\n\t\t<\/form>\n\t\t\t\t\t\t<\/div>\n\t\t\t\t<\/div>\n\t\t\t\t<div class=\"elementor-element elementor-element-773fd26 elementor-widget elementor-widget-spacer\" data-id=\"773fd26\" data-element_type=\"widget\" data-e-type=\"widget\" data-widget_type=\"spacer.default\">\n\t\t\t\t<div class=\"elementor-widget-container\">\n\t\t\t\t\t\t\t<div class=\"elementor-spacer\">\n\t\t\t<div class=\"elementor-spacer-inner\"><\/div>\n\t\t<\/div>\n\t\t\t\t\t\t<\/div>\n\t\t\t\t<\/div>\n\t\t\t\t\t<\/div>\n\t\t<\/div>\n\t\t\t\t\t<\/div>\n\t\t<\/section>\n\t\t\t\t<\/div>\n\t\t","protected":false},"excerpt":{"rendered":"<p>Nieuwsbrief Wij hebben regelmatig nieuws over allerlei ontwikkelingen; nieuwe producten, nieuwe technologie\u00ebn, marktontwikkelingen \u00e9n aanbiedingen. Wij informeren u graag via onze nieuwsbrief. De nieuwsbrief wordt \u00e9\u00e9ns per maand verstuurd. U kunt zich op eenvoudige&nbsp;wijze&nbsp;uitschrijven uit ons&nbsp;e-mail bestand, door onderaan de nieuwsbrief op afmelden te klikken. Klik hier voor de nieuwsbrief Wilt u onze nieuwsbrief ontvangen? [&hellip;]<\/p>\n","protected":false},"author":1,"featured_media":0,"parent":0,"menu_order":0,"comment_status":"closed","ping_status":"closed","template":"","meta":{"footnotes":""},"class_list":["post-3429","page","type-page","status-publish","hentry"],"yoast_head":"<!-- This site is optimized with the Yoast SEO plugin v27.5 - https:\/\/yoast.com\/product\/yoast-seo-wordpress\/ -->\n<title>De nieuwsbrief | Blijf op de hoogte van het laatste nieuws<\/title>\n<meta name=\"description\" content=\"Schrijf je in voor de nieuwsbrief en blijf op de hoogte over nieuwe producten, technologie\u00ebn, marktontwikkelingen en aanbiedingen.\" \/>\n<meta name=\"robots\" content=\"index, follow, max-snippet:-1, max-image-preview:large, max-video-preview:-1\" \/>\n<link rel=\"canonical\" href=\"https:\/\/www.astro.nl\/en\/nieuwsbrieven\/\" \/>\n<meta property=\"og:locale\" content=\"en_US\" \/>\n<meta property=\"og:type\" content=\"article\" \/>\n<meta property=\"og:title\" content=\"De nieuwsbrief | Blijf op de hoogte van het laatste nieuws\" \/>\n<meta property=\"og:description\" content=\"Schrijf je in voor de nieuwsbrief en blijf op de hoogte over nieuwe producten, technologie\u00ebn, marktontwikkelingen en aanbiedingen.\" \/>\n<meta property=\"og:url\" content=\"https:\/\/www.astro.nl\/en\/nieuwsbrieven\/\" \/>\n<meta property=\"og:site_name\" content=\"Astro Controls\" \/>\n<meta property=\"article:modified_time\" content=\"2026-05-03T12:17:35+00:00\" \/>\n<meta name=\"twitter:card\" content=\"summary_large_image\" \/>\n<meta name=\"twitter:label1\" content=\"Est. reading time\" \/>\n\t<meta name=\"twitter:data1\" content=\"1 minute\" \/>\n<script type=\"application\/ld+json\" class=\"yoast-schema-graph\">{\"@context\":\"https:\\\/\\\/schema.org\",\"@graph\":[{\"@type\":\"WebPage\",\"@id\":\"https:\\\/\\\/www.astro.nl\\\/nieuwsbrieven\\\/\",\"url\":\"https:\\\/\\\/www.astro.nl\\\/nieuwsbrieven\\\/\",\"name\":\"De nieuwsbrief | Blijf op de hoogte van het laatste nieuws\",\"isPartOf\":{\"@id\":\"https:\\\/\\\/www.astro.nl\\\/#website\"},\"datePublished\":\"2017-03-16T14:12:04+00:00\",\"dateModified\":\"2026-05-03T12:17:35+00:00\",\"description\":\"Schrijf je in voor de nieuwsbrief en blijf op de hoogte over nieuwe producten, technologie\u00ebn, marktontwikkelingen en aanbiedingen.\",\"breadcrumb\":{\"@id\":\"https:\\\/\\\/www.astro.nl\\\/nieuwsbrieven\\\/#breadcrumb\"},\"inLanguage\":\"en-US\",\"potentialAction\":[{\"@type\":\"ReadAction\",\"target\":[\"https:\\\/\\\/www.astro.nl\\\/nieuwsbrieven\\\/\"]}]},{\"@type\":\"BreadcrumbList\",\"@id\":\"https:\\\/\\\/www.astro.nl\\\/nieuwsbrieven\\\/#breadcrumb\",\"itemListElement\":[{\"@type\":\"ListItem\",\"position\":1,\"name\":\"Home\",\"item\":\"https:\\\/\\\/www.astro.nl\\\/\"},{\"@type\":\"ListItem\",\"position\":2,\"name\":\"Nieuwsbrieven\"}]},{\"@type\":\"WebSite\",\"@id\":\"https:\\\/\\\/www.astro.nl\\\/#website\",\"url\":\"https:\\\/\\\/www.astro.nl\\\/\",\"name\":\"Astro Controls\",\"description\":\"Elektrische Cilinders | Pneumatische Ventielen | Cobots\",\"publisher\":{\"@id\":\"https:\\\/\\\/www.astro.nl\\\/#organization\"},\"potentialAction\":[{\"@type\":\"SearchAction\",\"target\":{\"@type\":\"EntryPoint\",\"urlTemplate\":\"https:\\\/\\\/www.astro.nl\\\/?s={search_term_string}\"},\"query-input\":{\"@type\":\"PropertyValueSpecification\",\"valueRequired\":true,\"valueName\":\"search_term_string\"}}],\"inLanguage\":\"en-US\"},{\"@type\":\"Organization\",\"@id\":\"https:\\\/\\\/www.astro.nl\\\/#organization\",\"name\":\"Astro Controls\",\"url\":\"https:\\\/\\\/www.astro.nl\\\/\",\"logo\":{\"@type\":\"ImageObject\",\"inLanguage\":\"en-US\",\"@id\":\"https:\\\/\\\/www.astro.nl\\\/#\\\/schema\\\/logo\\\/image\\\/\",\"url\":\"https:\\\/\\\/www.astro.nl\\\/wordpress\\\/wp-content\\\/uploads\\\/2023\\\/08\\\/Astro_logo.png\",\"contentUrl\":\"https:\\\/\\\/www.astro.nl\\\/wordpress\\\/wp-content\\\/uploads\\\/2023\\\/08\\\/Astro_logo.png\",\"width\":1491,\"height\":804,\"caption\":\"Astro Controls\"},\"image\":{\"@id\":\"https:\\\/\\\/www.astro.nl\\\/#\\\/schema\\\/logo\\\/image\\\/\"},\"sameAs\":[\"https:\\\/\\\/www.linkedin.com\\\/company\\\/astro-controls-bv\"]}]}<\/script>\n<!-- \/ Yoast SEO plugin. -->","yoast_head_json":{"title":"De nieuwsbrief | Blijf op de hoogte van het laatste nieuws","description":"Schrijf je in voor de nieuwsbrief en blijf op de hoogte over nieuwe producten, technologie\u00ebn, marktontwikkelingen en aanbiedingen.","robots":{"index":"index","follow":"follow","max-snippet":"max-snippet:-1","max-image-preview":"max-image-preview:large","max-video-preview":"max-video-preview:-1"},"canonical":"https:\/\/www.astro.nl\/en\/nieuwsbrieven\/","og_locale":"en_US","og_type":"article","og_title":"De nieuwsbrief | Blijf op de hoogte van het laatste nieuws","og_description":"Schrijf je in voor de nieuwsbrief en blijf op de hoogte over nieuwe producten, technologie\u00ebn, marktontwikkelingen en aanbiedingen.","og_url":"https:\/\/www.astro.nl\/en\/nieuwsbrieven\/","og_site_name":"Astro Controls","article_modified_time":"2026-05-03T12:17:35+00:00","twitter_card":"summary_large_image","twitter_misc":{"Est. reading time":"1 minute"},"schema":{"@context":"https:\/\/schema.org","@graph":[{"@type":"WebPage","@id":"https:\/\/www.astro.nl\/nieuwsbrieven\/","url":"https:\/\/www.astro.nl\/nieuwsbrieven\/","name":"De nieuwsbrief | Blijf op de hoogte van het laatste nieuws","isPartOf":{"@id":"https:\/\/www.astro.nl\/#website"},"datePublished":"2017-03-16T14:12:04+00:00","dateModified":"2026-05-03T12:17:35+00:00","description":"Schrijf je in voor de nieuwsbrief en blijf op de hoogte over nieuwe producten, technologie\u00ebn, marktontwikkelingen en aanbiedingen.","breadcrumb":{"@id":"https:\/\/www.astro.nl\/nieuwsbrieven\/#breadcrumb"},"inLanguage":"en-US","potentialAction":[{"@type":"ReadAction","target":["https:\/\/www.astro.nl\/nieuwsbrieven\/"]}]},{"@type":"BreadcrumbList","@id":"https:\/\/www.astro.nl\/nieuwsbrieven\/#breadcrumb","itemListElement":[{"@type":"ListItem","position":1,"name":"Home","item":"https:\/\/www.astro.nl\/"},{"@type":"ListItem","position":2,"name":"Nieuwsbrieven"}]},{"@type":"WebSite","@id":"https:\/\/www.astro.nl\/#website","url":"https:\/\/www.astro.nl\/","name":"Astro Controls","description":"Elektrische Cilinders | Pneumatische Ventielen | Cobots","publisher":{"@id":"https:\/\/www.astro.nl\/#organization"},"potentialAction":[{"@type":"SearchAction","target":{"@type":"EntryPoint","urlTemplate":"https:\/\/www.astro.nl\/?s={search_term_string}"},"query-input":{"@type":"PropertyValueSpecification","valueRequired":true,"valueName":"search_term_string"}}],"inLanguage":"en-US"},{"@type":"Organization","@id":"https:\/\/www.astro.nl\/#organization","name":"Astro Controls","url":"https:\/\/www.astro.nl\/","logo":{"@type":"ImageObject","inLanguage":"en-US","@id":"https:\/\/www.astro.nl\/#\/schema\/logo\/image\/","url":"https:\/\/www.astro.nl\/wordpress\/wp-content\/uploads\/2023\/08\/Astro_logo.png","contentUrl":"https:\/\/www.astro.nl\/wordpress\/wp-content\/uploads\/2023\/08\/Astro_logo.png","width":1491,"height":804,"caption":"Astro Controls"},"image":{"@id":"https:\/\/www.astro.nl\/#\/schema\/logo\/image\/"},"sameAs":["https:\/\/www.linkedin.com\/company\/astro-controls-bv"]}]}},"_links":{"self":[{"href":"https:\/\/www.astro.nl\/en\/wp-json\/wp\/v2\/pages\/3429","targetHints":{"allow":["GET"]}}],"collection":[{"href":"https:\/\/www.astro.nl\/en\/wp-json\/wp\/v2\/pages"}],"about":[{"href":"https:\/\/www.astro.nl\/en\/wp-json\/wp\/v2\/types\/page"}],"author":[{"embeddable":true,"href":"https:\/\/www.astro.nl\/en\/wp-json\/wp\/v2\/users\/1"}],"replies":[{"embeddable":true,"href":"https:\/\/www.astro.nl\/en\/wp-json\/wp\/v2\/comments?post=3429"}],"version-history":[{"count":93,"href":"https:\/\/www.astro.nl\/en\/wp-json\/wp\/v2\/pages\/3429\/revisions"}],"predecessor-version":[{"id":16502,"href":"https:\/\/www.astro.nl\/en\/wp-json\/wp\/v2\/pages\/3429\/revisions\/16502"}],"wp:attachment":[{"href":"https:\/\/www.astro.nl\/en\/wp-json\/wp\/v2\/media?parent=3429"}],"curies":[{"name":"wp","href":"https:\/\/api.w.org\/{rel}","templated":true}]}}