{"id":2952,"date":"2016-09-28T11:36:28","date_gmt":"2016-09-28T09:36:28","guid":{"rendered":"http:\/\/www.astro.nl\/wordpress\/?page_id=2952"},"modified":"2023-05-10T18:55:09","modified_gmt":"2023-05-10T16:55:09","slug":"joulin","status":"publish","type":"page","link":"https:\/\/www.astro.nl\/en\/joulin\/","title":{"rendered":"Joulin"},"content":{"rendered":"<div data-elementor-type=\"wp-page\" data-elementor-id=\"2952\" class=\"elementor elementor-2952\" data-elementor-post-type=\"page\">\n\t\t\t\t\t\t<section class=\"elementor-section elementor-top-section elementor-element elementor-element-e19d4c5 elementor-section-height-min-height elementor-section-boxed elementor-section-height-default elementor-section-items-middle\" data-id=\"e19d4c5\" data-element_type=\"section\" data-e-type=\"section\" data-settings=\"{&quot;background_background&quot;:&quot;classic&quot;}\">\n\t\t\t\t\t\t<div class=\"elementor-container elementor-column-gap-default\">\n\t\t\t\t\t<div class=\"elementor-column elementor-col-100 elementor-top-column elementor-element elementor-element-7c98eb53 animated-slow elementor-invisible\" data-id=\"7c98eb53\" data-element_type=\"column\" data-e-type=\"column\" data-settings=\"{&quot;animation&quot;:&quot;fadeIn&quot;}\">\n\t\t\t<div class=\"elementor-widget-wrap elementor-element-populated\">\n\t\t\t\t\t\t<div class=\"elementor-element elementor-element-570970a4 animated-slow elementor-widget elementor-widget-heading\" data-id=\"570970a4\" data-element_type=\"widget\" data-e-type=\"widget\" data-settings=\"{&quot;_animation&quot;:&quot;none&quot;,&quot;_animation_delay&quot;:0}\" data-widget_type=\"heading.default\">\n\t\t\t\t<div class=\"elementor-widget-container\">\n\t\t\t\t\t<h1 class=\"elementor-heading-title elementor-size-default\">Joulin<\/h1>\t\t\t\t<\/div>\n\t\t\t\t<\/div>\n\t\t\t\t\t<\/div>\n\t\t<\/div>\n\t\t\t\t\t<\/div>\n\t\t<\/section>\n\t\t\t\t<section class=\"elementor-section elementor-top-section elementor-element elementor-element-22c789a elementor-section-boxed elementor-section-height-default elementor-section-height-default\" data-id=\"22c789a\" data-element_type=\"section\" data-e-type=\"section\">\n\t\t\t\t\t\t<div class=\"elementor-container elementor-column-gap-default\">\n\t\t\t\t\t<div class=\"elementor-column elementor-col-100 elementor-top-column elementor-element elementor-element-26f54dc\" data-id=\"26f54dc\" data-element_type=\"column\" data-e-type=\"column\">\n\t\t\t<div class=\"elementor-widget-wrap elementor-element-populated\">\n\t\t\t\t\t\t<div class=\"elementor-element elementor-element-0eb7e01 elementor-widget elementor-widget-text-editor\" data-id=\"0eb7e01\" data-element_type=\"widget\" data-e-type=\"widget\" data-widget_type=\"text-editor.default\">\n\t\t\t\t<div class=\"elementor-widget-container\">\n\t\t\t\t\t\t\t\t\t<p><\/p>\n<p>Joulin is a French company specialized in vacuum applications. Joulin has various types of vacuum grippers for handling products. Many of these grippers can be attached directly to a\u00a0<span style=\"text-decoration: underline;\"><a href=\"https:\/\/www.astro.nl\/producten\/industriele-robots\/\">robotic arm<\/a><\/span> to be used, for example, for (de)palletizing. A great advantage of these vacuum grippers, is that much less suction power is required compared to traditional vacuum grippers. This is because Joulin uses foam grippers, which can better distribute the pulling force.<\/p>\n<p>Joulin always investigates (sometimes due to custom requirements of a customer) the possibility of developing new vacuum grippers that can move products. Joulin always thinks along with the customer and if they think it is necessary to carry out additional tests themselves, they request test products thus that they can research possibilities in their test facilities.<\/p>\n<p>Originally, Joulin grippers are often used in the wood industry, in which they are the market leader. Nowadays, more and more industries are discovering the benefits of Joulin's specialist grippers, which can be used for much more products.<\/p>\n<p>Questions about Joulin, or would you like to chat with one of our specialists? <span style=\"text-decoration: underline;\"><a href=\"http:\/\/www.astro.nl\/contact\">contact<\/a><\/span> one of our specialists. We enjoy visiting you at your location and offer advice, without any obligations.<\/p>\t\t\t\t\t\t\t\t<\/div>\n\t\t\t\t<\/div>\n\t\t\t\t\t<\/div>\n\t\t<\/div>\n\t\t\t\t\t<\/div>\n\t\t<\/section>\n\t\t\t\t<section class=\"elementor-section elementor-top-section elementor-element elementor-element-0f3bd53 elementor-section-boxed elementor-section-height-default elementor-section-height-default\" data-id=\"0f3bd53\" data-element_type=\"section\" data-e-type=\"section\">\n\t\t\t\t\t\t<div class=\"elementor-container elementor-column-gap-default\">\n\t\t\t\t\t<div class=\"elementor-column elementor-col-50 elementor-top-column elementor-element elementor-element-83b6eaf\" data-id=\"83b6eaf\" data-element_type=\"column\" data-e-type=\"column\" data-settings=\"{&quot;background_background&quot;:&quot;classic&quot;}\">\n\t\t\t<div class=\"elementor-widget-wrap elementor-element-populated\">\n\t\t\t\t\t\t<div class=\"elementor-element elementor-element-264eef5 elementor-widget elementor-widget-text-editor\" data-id=\"264eef5\" data-element_type=\"widget\" data-e-type=\"widget\" data-widget_type=\"text-editor.default\">\n\t\t\t\t<div class=\"elementor-widget-container\">\n\t\t\t\t\t\t\t\t\t<p><strong>Products:<\/strong><\/p>\t\t\t\t\t\t\t\t<\/div>\n\t\t\t\t<\/div>\n\t\t\t\t\t<\/div>\n\t\t<\/div>\n\t\t\t\t<div class=\"elementor-column elementor-col-50 elementor-top-column elementor-element elementor-element-4bad7fd\" data-id=\"4bad7fd\" data-element_type=\"column\" data-e-type=\"column\">\n\t\t\t<div class=\"elementor-widget-wrap elementor-element-populated\">\n\t\t\t\t\t\t<div class=\"elementor-element elementor-element-dd026d6 elementor-widget elementor-widget-text-editor\" data-id=\"dd026d6\" data-element_type=\"widget\" data-e-type=\"widget\" data-widget_type=\"text-editor.default\">\n\t\t\t\t<div class=\"elementor-widget-container\">\n\t\t\t\t\t\t\t\t\t<p>Vacu\u00fcm handling<\/p>\t\t\t\t\t\t\t\t<\/div>\n\t\t\t\t<\/div>\n\t\t\t\t\t<\/div>\n\t\t<\/div>\n\t\t\t\t\t<\/div>\n\t\t<\/section>\n\t\t\t\t<section class=\"elementor-section elementor-top-section elementor-element elementor-element-589404b elementor-section-boxed elementor-section-height-default elementor-section-height-default\" data-id=\"589404b\" data-element_type=\"section\" data-e-type=\"section\">\n\t\t\t\t\t\t<div class=\"elementor-container elementor-column-gap-default\">\n\t\t\t\t\t<div class=\"elementor-column elementor-col-50 elementor-top-column elementor-element elementor-element-4c955b9\" data-id=\"4c955b9\" data-element_type=\"column\" data-e-type=\"column\" data-settings=\"{&quot;background_background&quot;:&quot;classic&quot;}\">\n\t\t\t<div class=\"elementor-widget-wrap elementor-element-populated\">\n\t\t\t\t\t\t<div class=\"elementor-element elementor-element-2917467 elementor-widget elementor-widget-text-editor\" data-id=\"2917467\" data-element_type=\"widget\" data-e-type=\"widget\" data-widget_type=\"text-editor.default\">\n\t\t\t\t<div class=\"elementor-widget-container\">\n\t\t\t\t\t\t\t\t\t<p><strong>Website:<\/strong><\/p>\t\t\t\t\t\t\t\t<\/div>\n\t\t\t\t<\/div>\n\t\t\t\t\t<\/div>\n\t\t<\/div>\n\t\t\t\t<div class=\"elementor-column elementor-col-50 elementor-top-column elementor-element elementor-element-ed68411\" data-id=\"ed68411\" data-element_type=\"column\" data-e-type=\"column\">\n\t\t\t<div class=\"elementor-widget-wrap elementor-element-populated\">\n\t\t\t\t\t\t<div class=\"elementor-element elementor-element-38698bf elementor-widget elementor-widget-text-editor\" data-id=\"38698bf\" data-element_type=\"widget\" data-e-type=\"widget\" data-widget_type=\"text-editor.default\">\n\t\t\t\t<div class=\"elementor-widget-container\">\n\t\t\t\t\t\t\t\t\t<p><a href=\"http:\/\/www.joulin.com\">www.joulin.com<\/a><\/p>\t\t\t\t\t\t\t\t<\/div>\n\t\t\t\t<\/div>\n\t\t\t\t\t<\/div>\n\t\t<\/div>\n\t\t\t\t\t<\/div>\n\t\t<\/section>\n\t\t\t\t<section class=\"elementor-section elementor-top-section elementor-element elementor-element-a686660 elementor-section-boxed elementor-section-height-default elementor-section-height-default\" data-id=\"a686660\" data-element_type=\"section\" data-e-type=\"section\">\n\t\t\t\t\t\t<div class=\"elementor-container elementor-column-gap-default\">\n\t\t\t\t\t<div class=\"elementor-column elementor-col-100 elementor-top-column elementor-element elementor-element-6647c7d\" data-id=\"6647c7d\" data-element_type=\"column\" data-e-type=\"column\">\n\t\t\t<div class=\"elementor-widget-wrap elementor-element-populated\">\n\t\t\t\t\t\t<div class=\"elementor-element elementor-element-5b32710 elementor-widget elementor-widget-image\" data-id=\"5b32710\" data-element_type=\"widget\" data-e-type=\"widget\" data-widget_type=\"image.default\">\n\t\t\t\t<div class=\"elementor-widget-container\">\n\t\t\t\t\t\t\t\t\t\t\t\t\t\t\t<img decoding=\"async\" width=\"254\" height=\"90\" src=\"https:\/\/www.astro.nl\/wordpress\/wp-content\/uploads\/2022\/12\/joulin_vacuum_handling.png\" class=\"attachment-large size-large wp-image-11974\" alt=\"joulin\" srcset=\"https:\/\/www.astro.nl\/wordpress\/wp-content\/uploads\/2022\/12\/joulin_vacuum_handling.png 254w, https:\/\/www.astro.nl\/wordpress\/wp-content\/uploads\/2022\/12\/joulin_vacuum_handling-18x6.png 18w\" sizes=\"(max-width: 254px) 100vw, 254px\" \/>\t\t\t\t\t\t\t\t\t\t\t\t\t\t\t<\/div>\n\t\t\t\t<\/div>\n\t\t\t\t\t<\/div>\n\t\t<\/div>\n\t\t\t\t\t<\/div>\n\t\t<\/section>\n\t\t\t\t<\/div>","protected":false},"excerpt":{"rendered":"<p>Joulin Joulin is een Frans bedrijf, gespecialiseerd in vacu\u00fcmtoepassingen. Voor de handling van producten heeft Joulin verschillende soorten vacu\u00fcmgrippers. Veel van deze grippers kunnen direct aan een\u00a0robotarm bevestigd worden om zo bijvoorbeeld gebruikt te worden bij\u00a0 het (de)palletiseren. Een voordeel van deze vacu\u00fcmgrippers is dat de er veel minder zuigkracht nodig is in vergelijking met [&hellip;]<\/p>\n","protected":false},"author":1,"featured_media":0,"parent":0,"menu_order":0,"comment_status":"closed","ping_status":"closed","template":"","meta":{"footnotes":""},"class_list":["post-2952","page","type-page","status-publish","hentry"],"yoast_head":"<!-- This site is optimized with the Yoast SEO plugin v27.3 - https:\/\/yoast.com\/product\/yoast-seo-wordpress\/ -->\n<title>Joulin vacu\u00fcmtoepassingen - Astro Controls<\/title>\n<meta name=\"description\" content=\"Joulin is gespecialiseerd in vacu\u00fcmtoepassingen. Ze maken veel verschillende soorten vacu\u00fcmgrippers voor aan robotarmen.\u00a0\" \/>\n<meta name=\"robots\" content=\"index, follow, max-snippet:-1, max-image-preview:large, max-video-preview:-1\" \/>\n<link rel=\"canonical\" href=\"https:\/\/www.astro.nl\/en\/joulin\/\" \/>\n<meta property=\"og:locale\" content=\"en_US\" \/>\n<meta property=\"og:type\" content=\"article\" \/>\n<meta property=\"og:title\" content=\"Joulin vacu\u00fcmtoepassingen - Astro Controls\" \/>\n<meta property=\"og:description\" content=\"Joulin is gespecialiseerd in vacu\u00fcmtoepassingen. Ze maken veel verschillende soorten vacu\u00fcmgrippers voor aan robotarmen.\u00a0\" \/>\n<meta property=\"og:url\" content=\"https:\/\/www.astro.nl\/en\/joulin\/\" \/>\n<meta property=\"og:site_name\" content=\"Astro Controls\" \/>\n<meta property=\"article:modified_time\" content=\"2023-05-10T16:55:09+00:00\" \/>\n<meta property=\"og:image\" content=\"https:\/\/www.astro.nl\/wordpress\/wp-content\/uploads\/2022\/12\/joulin_vacuum_handling.png\" \/>\n<meta name=\"twitter:card\" content=\"summary_large_image\" \/>\n<meta name=\"twitter:label1\" content=\"Est. reading time\" \/>\n\t<meta name=\"twitter:data1\" content=\"2 minutes\" \/>\n<script type=\"application\/ld+json\" class=\"yoast-schema-graph\">{\"@context\":\"https:\\\/\\\/schema.org\",\"@graph\":[{\"@type\":\"WebPage\",\"@id\":\"https:\\\/\\\/www.astro.nl\\\/joulin\\\/\",\"url\":\"https:\\\/\\\/www.astro.nl\\\/joulin\\\/\",\"name\":\"Joulin vacu\u00fcmtoepassingen - Astro Controls\",\"isPartOf\":{\"@id\":\"https:\\\/\\\/www.astro.nl\\\/#website\"},\"primaryImageOfPage\":{\"@id\":\"https:\\\/\\\/www.astro.nl\\\/joulin\\\/#primaryimage\"},\"image\":{\"@id\":\"https:\\\/\\\/www.astro.nl\\\/joulin\\\/#primaryimage\"},\"thumbnailUrl\":\"https:\\\/\\\/www.astro.nl\\\/wordpress\\\/wp-content\\\/uploads\\\/2022\\\/12\\\/joulin_vacuum_handling.png\",\"datePublished\":\"2016-09-28T09:36:28+00:00\",\"dateModified\":\"2023-05-10T16:55:09+00:00\",\"description\":\"Joulin is gespecialiseerd in vacu\u00fcmtoepassingen. Ze maken veel verschillende soorten vacu\u00fcmgrippers voor aan robotarmen.\u00a0\",\"breadcrumb\":{\"@id\":\"https:\\\/\\\/www.astro.nl\\\/joulin\\\/#breadcrumb\"},\"inLanguage\":\"en-US\",\"potentialAction\":[{\"@type\":\"ReadAction\",\"target\":[\"https:\\\/\\\/www.astro.nl\\\/joulin\\\/\"]}]},{\"@type\":\"ImageObject\",\"inLanguage\":\"en-US\",\"@id\":\"https:\\\/\\\/www.astro.nl\\\/joulin\\\/#primaryimage\",\"url\":\"https:\\\/\\\/www.astro.nl\\\/wordpress\\\/wp-content\\\/uploads\\\/2022\\\/12\\\/joulin_vacuum_handling.png\",\"contentUrl\":\"https:\\\/\\\/www.astro.nl\\\/wordpress\\\/wp-content\\\/uploads\\\/2022\\\/12\\\/joulin_vacuum_handling.png\"},{\"@type\":\"BreadcrumbList\",\"@id\":\"https:\\\/\\\/www.astro.nl\\\/joulin\\\/#breadcrumb\",\"itemListElement\":[{\"@type\":\"ListItem\",\"position\":1,\"name\":\"Home\",\"item\":\"https:\\\/\\\/www.astro.nl\\\/\"},{\"@type\":\"ListItem\",\"position\":2,\"name\":\"Joulin\"}]},{\"@type\":\"WebSite\",\"@id\":\"https:\\\/\\\/www.astro.nl\\\/#website\",\"url\":\"https:\\\/\\\/www.astro.nl\\\/\",\"name\":\"Astro Controls\",\"description\":\"Elektrische Cilinders | Pneumatische Ventielen | Cobots\",\"publisher\":{\"@id\":\"https:\\\/\\\/www.astro.nl\\\/#organization\"},\"potentialAction\":[{\"@type\":\"SearchAction\",\"target\":{\"@type\":\"EntryPoint\",\"urlTemplate\":\"https:\\\/\\\/www.astro.nl\\\/?s={search_term_string}\"},\"query-input\":{\"@type\":\"PropertyValueSpecification\",\"valueRequired\":true,\"valueName\":\"search_term_string\"}}],\"inLanguage\":\"en-US\"},{\"@type\":\"Organization\",\"@id\":\"https:\\\/\\\/www.astro.nl\\\/#organization\",\"name\":\"Astro Controls\",\"url\":\"https:\\\/\\\/www.astro.nl\\\/\",\"logo\":{\"@type\":\"ImageObject\",\"inLanguage\":\"en-US\",\"@id\":\"https:\\\/\\\/www.astro.nl\\\/#\\\/schema\\\/logo\\\/image\\\/\",\"url\":\"https:\\\/\\\/www.astro.nl\\\/wordpress\\\/wp-content\\\/uploads\\\/2023\\\/08\\\/Astro_logo.png\",\"contentUrl\":\"https:\\\/\\\/www.astro.nl\\\/wordpress\\\/wp-content\\\/uploads\\\/2023\\\/08\\\/Astro_logo.png\",\"width\":1491,\"height\":804,\"caption\":\"Astro Controls\"},\"image\":{\"@id\":\"https:\\\/\\\/www.astro.nl\\\/#\\\/schema\\\/logo\\\/image\\\/\"},\"sameAs\":[\"https:\\\/\\\/www.linkedin.com\\\/company\\\/astro-controls-bv\"]}]}<\/script>\n<!-- \/ Yoast SEO plugin. -->","yoast_head_json":{"title":"Joulin vacu\u00fcmtoepassingen - Astro Controls","description":"Joulin is gespecialiseerd in vacu\u00fcmtoepassingen. Ze maken veel verschillende soorten vacu\u00fcmgrippers voor aan robotarmen.\u00a0","robots":{"index":"index","follow":"follow","max-snippet":"max-snippet:-1","max-image-preview":"max-image-preview:large","max-video-preview":"max-video-preview:-1"},"canonical":"https:\/\/www.astro.nl\/en\/joulin\/","og_locale":"en_US","og_type":"article","og_title":"Joulin vacu\u00fcmtoepassingen - Astro Controls","og_description":"Joulin is gespecialiseerd in vacu\u00fcmtoepassingen. Ze maken veel verschillende soorten vacu\u00fcmgrippers voor aan robotarmen.\u00a0","og_url":"https:\/\/www.astro.nl\/en\/joulin\/","og_site_name":"Astro Controls","article_modified_time":"2023-05-10T16:55:09+00:00","og_image":[{"url":"https:\/\/www.astro.nl\/wordpress\/wp-content\/uploads\/2022\/12\/joulin_vacuum_handling.png","type":"","width":"","height":""}],"twitter_card":"summary_large_image","twitter_misc":{"Est. reading time":"2 minutes"},"schema":{"@context":"https:\/\/schema.org","@graph":[{"@type":"WebPage","@id":"https:\/\/www.astro.nl\/joulin\/","url":"https:\/\/www.astro.nl\/joulin\/","name":"Joulin vacu\u00fcmtoepassingen - Astro Controls","isPartOf":{"@id":"https:\/\/www.astro.nl\/#website"},"primaryImageOfPage":{"@id":"https:\/\/www.astro.nl\/joulin\/#primaryimage"},"image":{"@id":"https:\/\/www.astro.nl\/joulin\/#primaryimage"},"thumbnailUrl":"https:\/\/www.astro.nl\/wordpress\/wp-content\/uploads\/2022\/12\/joulin_vacuum_handling.png","datePublished":"2016-09-28T09:36:28+00:00","dateModified":"2023-05-10T16:55:09+00:00","description":"Joulin is gespecialiseerd in vacu\u00fcmtoepassingen. Ze maken veel verschillende soorten vacu\u00fcmgrippers voor aan robotarmen.\u00a0","breadcrumb":{"@id":"https:\/\/www.astro.nl\/joulin\/#breadcrumb"},"inLanguage":"en-US","potentialAction":[{"@type":"ReadAction","target":["https:\/\/www.astro.nl\/joulin\/"]}]},{"@type":"ImageObject","inLanguage":"en-US","@id":"https:\/\/www.astro.nl\/joulin\/#primaryimage","url":"https:\/\/www.astro.nl\/wordpress\/wp-content\/uploads\/2022\/12\/joulin_vacuum_handling.png","contentUrl":"https:\/\/www.astro.nl\/wordpress\/wp-content\/uploads\/2022\/12\/joulin_vacuum_handling.png"},{"@type":"BreadcrumbList","@id":"https:\/\/www.astro.nl\/joulin\/#breadcrumb","itemListElement":[{"@type":"ListItem","position":1,"name":"Home","item":"https:\/\/www.astro.nl\/"},{"@type":"ListItem","position":2,"name":"Joulin"}]},{"@type":"WebSite","@id":"https:\/\/www.astro.nl\/#website","url":"https:\/\/www.astro.nl\/","name":"Astro Controls","description":"Elektrische Cilinders | Pneumatische Ventielen | Cobots","publisher":{"@id":"https:\/\/www.astro.nl\/#organization"},"potentialAction":[{"@type":"SearchAction","target":{"@type":"EntryPoint","urlTemplate":"https:\/\/www.astro.nl\/?s={search_term_string}"},"query-input":{"@type":"PropertyValueSpecification","valueRequired":true,"valueName":"search_term_string"}}],"inLanguage":"en-US"},{"@type":"Organization","@id":"https:\/\/www.astro.nl\/#organization","name":"Astro Controls","url":"https:\/\/www.astro.nl\/","logo":{"@type":"ImageObject","inLanguage":"en-US","@id":"https:\/\/www.astro.nl\/#\/schema\/logo\/image\/","url":"https:\/\/www.astro.nl\/wordpress\/wp-content\/uploads\/2023\/08\/Astro_logo.png","contentUrl":"https:\/\/www.astro.nl\/wordpress\/wp-content\/uploads\/2023\/08\/Astro_logo.png","width":1491,"height":804,"caption":"Astro Controls"},"image":{"@id":"https:\/\/www.astro.nl\/#\/schema\/logo\/image\/"},"sameAs":["https:\/\/www.linkedin.com\/company\/astro-controls-bv"]}]}},"_links":{"self":[{"href":"https:\/\/www.astro.nl\/en\/wp-json\/wp\/v2\/pages\/2952","targetHints":{"allow":["GET"]}}],"collection":[{"href":"https:\/\/www.astro.nl\/en\/wp-json\/wp\/v2\/pages"}],"about":[{"href":"https:\/\/www.astro.nl\/en\/wp-json\/wp\/v2\/types\/page"}],"author":[{"embeddable":true,"href":"https:\/\/www.astro.nl\/en\/wp-json\/wp\/v2\/users\/1"}],"replies":[{"embeddable":true,"href":"https:\/\/www.astro.nl\/en\/wp-json\/wp\/v2\/comments?post=2952"}],"version-history":[{"count":40,"href":"https:\/\/www.astro.nl\/en\/wp-json\/wp\/v2\/pages\/2952\/revisions"}],"predecessor-version":[{"id":13786,"href":"https:\/\/www.astro.nl\/en\/wp-json\/wp\/v2\/pages\/2952\/revisions\/13786"}],"wp:attachment":[{"href":"https:\/\/www.astro.nl\/en\/wp-json\/wp\/v2\/media?parent=2952"}],"curies":[{"name":"wp","href":"https:\/\/api.w.org\/{rel}","templated":true}]}}