{"id":16427,"date":"2025-11-18T16:24:28","date_gmt":"2025-11-18T15:24:28","guid":{"rendered":"https:\/\/www.astro.nl\/?page_id=16427"},"modified":"2025-11-18T16:25:22","modified_gmt":"2025-11-18T15:25:22","slug":"millibar-robotics","status":"publish","type":"page","link":"https:\/\/www.astro.nl\/en\/millibar-robotics\/","title":{"rendered":"Millibar"},"content":{"rendered":"<div data-elementor-type=\"wp-page\" data-elementor-id=\"16427\" class=\"elementor elementor-16427\" data-elementor-post-type=\"page\">\n\t\t\t\t\t\t<section class=\"elementor-section elementor-top-section elementor-element elementor-element-2c2e3f9d elementor-section-height-min-height elementor-section-boxed elementor-section-height-default elementor-section-items-middle\" data-id=\"2c2e3f9d\" data-element_type=\"section\" data-e-type=\"section\" data-settings=\"{&quot;background_background&quot;:&quot;classic&quot;}\">\n\t\t\t\t\t\t<div class=\"elementor-container elementor-column-gap-default\">\n\t\t\t\t\t<div class=\"elementor-column elementor-col-100 elementor-top-column elementor-element elementor-element-74590f0f animated-slow elementor-invisible\" data-id=\"74590f0f\" data-element_type=\"column\" data-e-type=\"column\" data-settings=\"{&quot;animation&quot;:&quot;fadeIn&quot;}\">\n\t\t\t<div class=\"elementor-widget-wrap elementor-element-populated\">\n\t\t\t\t\t\t<div class=\"elementor-element elementor-element-6387ada5 animated-slow elementor-widget elementor-widget-heading\" data-id=\"6387ada5\" data-element_type=\"widget\" data-e-type=\"widget\" data-settings=\"{&quot;_animation&quot;:&quot;none&quot;,&quot;_animation_delay&quot;:0}\" data-widget_type=\"heading.default\">\n\t\t\t\t<div class=\"elementor-widget-container\">\n\t\t\t\t\t<h1 class=\"elementor-heading-title elementor-size-default\">Millibar Robotics<\/h1>\t\t\t\t<\/div>\n\t\t\t\t<\/div>\n\t\t\t\t\t<\/div>\n\t\t<\/div>\n\t\t\t\t\t<\/div>\n\t\t<\/section>\n\t\t\t\t<section class=\"elementor-section elementor-top-section elementor-element elementor-element-4d360bd elementor-section-boxed elementor-section-height-default elementor-section-height-default\" data-id=\"4d360bd\" data-element_type=\"section\" data-e-type=\"section\">\n\t\t\t\t\t\t<div class=\"elementor-container elementor-column-gap-default\">\n\t\t\t\t\t<div class=\"elementor-column elementor-col-100 elementor-top-column elementor-element elementor-element-d6be91f\" data-id=\"d6be91f\" data-element_type=\"column\" data-e-type=\"column\">\n\t\t\t<div class=\"elementor-widget-wrap elementor-element-populated\">\n\t\t\t\t\t\t<div class=\"elementor-element elementor-element-117c1d1 elementor-widget elementor-widget-text-editor\" data-id=\"117c1d1\" data-element_type=\"widget\" data-e-type=\"widget\" data-widget_type=\"text-editor.default\">\n\t\t\t\t<div class=\"elementor-widget-container\">\n\t\t\t\t\t\t\t\t\t<p>Millibar Robotics is een aantal jaren terug begonnen als een bedrijf dat zich specialiseerde in vacu\u00fcm-oplossingen. De oprichter heeft meer dan 30 jaar ervaring in de vacu\u00fcmwereld en startte zijn eigen bedrijf.<\/p>\n<p>Door de jaren heen zijn door klantaanvragen en de grote wereld van cobots en industri\u00eble robots de producten heel divers geworden. Zo zijn er quick tool changers en hele gevari\u00eberde end of arm tooling.\u00a0<\/p>\n<p>Hierin heeft hij een breed scala aan producten ontwikkeld, onder te verdelen in de volgende groepen:<\/p>\n<ul>\n<li>Custom end-of-arm tooling<\/li>\n<li>Vacu\u00fcm engineering<\/li>\n<li>Quick Tool Changers<\/li>\n<\/ul>\n<p><br \/>Daarnaast biedt Millibar alle vacu\u00fcm accessoires aan. Hierbij kan je denken aan vacu\u00fcm switches, vacu\u00fcm cups, alle aansluitkabels en montage materiaal.<\/p>\t\t\t\t\t\t\t\t<\/div>\n\t\t\t\t<\/div>\n\t\t\t\t\t<\/div>\n\t\t<\/div>\n\t\t\t\t\t<\/div>\n\t\t<\/section>\n\t\t\t\t<section class=\"elementor-section elementor-top-section elementor-element elementor-element-2c2b7cb elementor-section-boxed elementor-section-height-default elementor-section-height-default\" data-id=\"2c2b7cb\" data-element_type=\"section\" data-e-type=\"section\">\n\t\t\t\t\t\t<div class=\"elementor-container elementor-column-gap-default\">\n\t\t\t\t\t<div class=\"elementor-column elementor-col-50 elementor-top-column elementor-element elementor-element-785ffd0\" data-id=\"785ffd0\" data-element_type=\"column\" data-e-type=\"column\" data-settings=\"{&quot;background_background&quot;:&quot;classic&quot;}\">\n\t\t\t<div class=\"elementor-widget-wrap elementor-element-populated\">\n\t\t\t\t\t\t<div class=\"elementor-element elementor-element-726ea64 elementor-widget elementor-widget-text-editor\" data-id=\"726ea64\" data-element_type=\"widget\" data-e-type=\"widget\" data-widget_type=\"text-editor.default\">\n\t\t\t\t<div class=\"elementor-widget-container\">\n\t\t\t\t\t\t\t\t\t<p><strong>Products:<\/strong><\/p>\t\t\t\t\t\t\t\t<\/div>\n\t\t\t\t<\/div>\n\t\t\t\t\t<\/div>\n\t\t<\/div>\n\t\t\t\t<div class=\"elementor-column elementor-col-50 elementor-top-column elementor-element elementor-element-f67d53f\" data-id=\"f67d53f\" data-element_type=\"column\" data-e-type=\"column\">\n\t\t\t<div class=\"elementor-widget-wrap elementor-element-populated\">\n\t\t\t\t\t\t<div class=\"elementor-element elementor-element-57f13da elementor-widget elementor-widget-text-editor\" data-id=\"57f13da\" data-element_type=\"widget\" data-e-type=\"widget\" data-widget_type=\"text-editor.default\">\n\t\t\t\t<div class=\"elementor-widget-container\">\n\t\t\t\t\t\t\t\t\t<p>Vacu\u00fcm componenten<\/p>\t\t\t\t\t\t\t\t<\/div>\n\t\t\t\t<\/div>\n\t\t\t\t\t<\/div>\n\t\t<\/div>\n\t\t\t\t\t<\/div>\n\t\t<\/section>\n\t\t\t\t<section class=\"elementor-section elementor-top-section elementor-element elementor-element-971ef34 elementor-section-boxed elementor-section-height-default elementor-section-height-default\" data-id=\"971ef34\" data-element_type=\"section\" data-e-type=\"section\">\n\t\t\t\t\t\t<div class=\"elementor-container elementor-column-gap-default\">\n\t\t\t\t\t<div class=\"elementor-column elementor-col-50 elementor-top-column elementor-element elementor-element-257af5a\" data-id=\"257af5a\" data-element_type=\"column\" data-e-type=\"column\" data-settings=\"{&quot;background_background&quot;:&quot;classic&quot;}\">\n\t\t\t<div class=\"elementor-widget-wrap elementor-element-populated\">\n\t\t\t\t\t\t<div class=\"elementor-element elementor-element-ec2cdeb elementor-widget elementor-widget-text-editor\" data-id=\"ec2cdeb\" data-element_type=\"widget\" data-e-type=\"widget\" data-widget_type=\"text-editor.default\">\n\t\t\t\t<div class=\"elementor-widget-container\">\n\t\t\t\t\t\t\t\t\t<p><strong>Website:<\/strong><\/p>\t\t\t\t\t\t\t\t<\/div>\n\t\t\t\t<\/div>\n\t\t\t\t\t<\/div>\n\t\t<\/div>\n\t\t\t\t<div class=\"elementor-column elementor-col-50 elementor-top-column elementor-element elementor-element-3f3937e\" data-id=\"3f3937e\" data-element_type=\"column\" data-e-type=\"column\">\n\t\t\t<div class=\"elementor-widget-wrap elementor-element-populated\">\n\t\t\t\t\t\t<div class=\"elementor-element elementor-element-ef15aa7 elementor-widget elementor-widget-text-editor\" data-id=\"ef15aa7\" data-element_type=\"widget\" data-e-type=\"widget\" data-widget_type=\"text-editor.default\">\n\t\t\t\t<div class=\"elementor-widget-container\">\n\t\t\t\t\t\t\t\t\t<p><a href=\"https:\/\/millibar.com\/\" target=\"_blank\" rel=\"noopener noreferrer\"><span style=\"text-decoration: underline;\">https:\/\/millibar.com\/<\/span><\/a><\/p>\t\t\t\t\t\t\t\t<\/div>\n\t\t\t\t<\/div>\n\t\t\t\t\t<\/div>\n\t\t<\/div>\n\t\t\t\t\t<\/div>\n\t\t<\/section>\n\t\t\t\t<section class=\"elementor-section elementor-top-section elementor-element elementor-element-a60192a elementor-section-boxed elementor-section-height-default elementor-section-height-default\" data-id=\"a60192a\" data-element_type=\"section\" data-e-type=\"section\">\n\t\t\t\t\t\t<div class=\"elementor-container elementor-column-gap-default\">\n\t\t\t\t\t<div class=\"elementor-column elementor-col-100 elementor-top-column elementor-element elementor-element-1357a50\" data-id=\"1357a50\" data-element_type=\"column\" data-e-type=\"column\">\n\t\t\t<div class=\"elementor-widget-wrap elementor-element-populated\">\n\t\t\t\t\t\t<div class=\"elementor-element elementor-element-0269416 elementor-widget elementor-widget-spacer\" data-id=\"0269416\" data-element_type=\"widget\" data-e-type=\"widget\" data-widget_type=\"spacer.default\">\n\t\t\t\t<div class=\"elementor-widget-container\">\n\t\t\t\t\t\t\t<div class=\"elementor-spacer\">\n\t\t\t<div class=\"elementor-spacer-inner\"><\/div>\n\t\t<\/div>\n\t\t\t\t\t\t<\/div>\n\t\t\t\t<\/div>\n\t\t\t\t\t<\/div>\n\t\t<\/div>\n\t\t\t\t\t<\/div>\n\t\t<\/section>\n\t\t\t\t<\/div>","protected":false},"excerpt":{"rendered":"<p>Millibar Robotics Millibar Robotics is een aantal jaren terug begonnen als een bedrijf dat zich specialiseerde in vacu\u00fcm-oplossingen. De oprichter heeft meer dan 30 jaar ervaring in de vacu\u00fcmwereld en startte zijn eigen bedrijf. Door de jaren heen zijn door klantaanvragen en de grote wereld van cobots en industri\u00eble robots de producten heel divers geworden. [&hellip;]<\/p>\n","protected":false},"author":1,"featured_media":16428,"parent":0,"menu_order":0,"comment_status":"closed","ping_status":"closed","template":"","meta":{"footnotes":""},"class_list":["post-16427","page","type-page","status-publish","has-post-thumbnail","hentry"],"yoast_head":"<!-- This site is optimized with the Yoast SEO plugin v27.3 - https:\/\/yoast.com\/product\/yoast-seo-wordpress\/ -->\n<title>Millibar - Astro Controls<\/title>\n<meta name=\"description\" content=\"Vaccon maakt vacuumproducten die gebaseerd zijn op het Venturi principe. Hierdoor kan met lagere kosten een hoog vacuum behaald worden.\" \/>\n<meta name=\"robots\" content=\"index, follow, max-snippet:-1, max-image-preview:large, max-video-preview:-1\" \/>\n<link rel=\"canonical\" href=\"https:\/\/www.astro.nl\/en\/millibar-robotics\/\" \/>\n<meta property=\"og:locale\" content=\"en_US\" \/>\n<meta property=\"og:type\" content=\"article\" \/>\n<meta property=\"og:title\" content=\"Millibar - Astro Controls\" \/>\n<meta property=\"og:description\" content=\"Vaccon maakt vacuumproducten die gebaseerd zijn op het Venturi principe. Hierdoor kan met lagere kosten een hoog vacuum behaald worden.\" \/>\n<meta property=\"og:url\" content=\"https:\/\/www.astro.nl\/en\/millibar-robotics\/\" \/>\n<meta property=\"og:site_name\" content=\"Astro Controls\" \/>\n<meta property=\"article:modified_time\" content=\"2025-11-18T15:25:22+00:00\" \/>\n<meta property=\"og:image\" content=\"https:\/\/www.astro.nl\/wordpress\/wp-content\/uploads\/2025\/11\/Millibar-Robotics-Overview-scaled.jpg\" \/>\n\t<meta property=\"og:image:width\" content=\"2560\" \/>\n\t<meta property=\"og:image:height\" content=\"1920\" \/>\n\t<meta property=\"og:image:type\" content=\"image\/jpeg\" \/>\n<meta name=\"twitter:card\" content=\"summary_large_image\" \/>\n<meta name=\"twitter:label1\" content=\"Est. reading time\" \/>\n\t<meta name=\"twitter:data1\" content=\"1 minute\" \/>\n<script type=\"application\/ld+json\" class=\"yoast-schema-graph\">{\"@context\":\"https:\\\/\\\/schema.org\",\"@graph\":[{\"@type\":\"WebPage\",\"@id\":\"https:\\\/\\\/www.astro.nl\\\/millibar-robotics\\\/\",\"url\":\"https:\\\/\\\/www.astro.nl\\\/millibar-robotics\\\/\",\"name\":\"Millibar - Astro Controls\",\"isPartOf\":{\"@id\":\"https:\\\/\\\/www.astro.nl\\\/#website\"},\"primaryImageOfPage\":{\"@id\":\"https:\\\/\\\/www.astro.nl\\\/millibar-robotics\\\/#primaryimage\"},\"image\":{\"@id\":\"https:\\\/\\\/www.astro.nl\\\/millibar-robotics\\\/#primaryimage\"},\"thumbnailUrl\":\"https:\\\/\\\/www.astro.nl\\\/wordpress\\\/wp-content\\\/uploads\\\/2025\\\/11\\\/Millibar-Robotics-Overview-scaled.jpg\",\"datePublished\":\"2025-11-18T15:24:28+00:00\",\"dateModified\":\"2025-11-18T15:25:22+00:00\",\"description\":\"Vaccon maakt vacuumproducten die gebaseerd zijn op het Venturi principe. Hierdoor kan met lagere kosten een hoog vacuum behaald worden.\",\"breadcrumb\":{\"@id\":\"https:\\\/\\\/www.astro.nl\\\/millibar-robotics\\\/#breadcrumb\"},\"inLanguage\":\"en-US\",\"potentialAction\":[{\"@type\":\"ReadAction\",\"target\":[\"https:\\\/\\\/www.astro.nl\\\/millibar-robotics\\\/\"]}]},{\"@type\":\"ImageObject\",\"inLanguage\":\"en-US\",\"@id\":\"https:\\\/\\\/www.astro.nl\\\/millibar-robotics\\\/#primaryimage\",\"url\":\"https:\\\/\\\/www.astro.nl\\\/wordpress\\\/wp-content\\\/uploads\\\/2025\\\/11\\\/Millibar-Robotics-Overview-scaled.jpg\",\"contentUrl\":\"https:\\\/\\\/www.astro.nl\\\/wordpress\\\/wp-content\\\/uploads\\\/2025\\\/11\\\/Millibar-Robotics-Overview-scaled.jpg\",\"width\":2560,\"height\":1920,\"caption\":\"Millibar Vacuum Robotics\"},{\"@type\":\"BreadcrumbList\",\"@id\":\"https:\\\/\\\/www.astro.nl\\\/millibar-robotics\\\/#breadcrumb\",\"itemListElement\":[{\"@type\":\"ListItem\",\"position\":1,\"name\":\"Home\",\"item\":\"https:\\\/\\\/www.astro.nl\\\/\"},{\"@type\":\"ListItem\",\"position\":2,\"name\":\"Millibar\"}]},{\"@type\":\"WebSite\",\"@id\":\"https:\\\/\\\/www.astro.nl\\\/#website\",\"url\":\"https:\\\/\\\/www.astro.nl\\\/\",\"name\":\"Astro Controls\",\"description\":\"Elektrische Cilinders | Pneumatische Ventielen | Cobots\",\"publisher\":{\"@id\":\"https:\\\/\\\/www.astro.nl\\\/#organization\"},\"potentialAction\":[{\"@type\":\"SearchAction\",\"target\":{\"@type\":\"EntryPoint\",\"urlTemplate\":\"https:\\\/\\\/www.astro.nl\\\/?s={search_term_string}\"},\"query-input\":{\"@type\":\"PropertyValueSpecification\",\"valueRequired\":true,\"valueName\":\"search_term_string\"}}],\"inLanguage\":\"en-US\"},{\"@type\":\"Organization\",\"@id\":\"https:\\\/\\\/www.astro.nl\\\/#organization\",\"name\":\"Astro Controls\",\"url\":\"https:\\\/\\\/www.astro.nl\\\/\",\"logo\":{\"@type\":\"ImageObject\",\"inLanguage\":\"en-US\",\"@id\":\"https:\\\/\\\/www.astro.nl\\\/#\\\/schema\\\/logo\\\/image\\\/\",\"url\":\"https:\\\/\\\/www.astro.nl\\\/wordpress\\\/wp-content\\\/uploads\\\/2023\\\/08\\\/Astro_logo.png\",\"contentUrl\":\"https:\\\/\\\/www.astro.nl\\\/wordpress\\\/wp-content\\\/uploads\\\/2023\\\/08\\\/Astro_logo.png\",\"width\":1491,\"height\":804,\"caption\":\"Astro Controls\"},\"image\":{\"@id\":\"https:\\\/\\\/www.astro.nl\\\/#\\\/schema\\\/logo\\\/image\\\/\"},\"sameAs\":[\"https:\\\/\\\/www.linkedin.com\\\/company\\\/astro-controls-bv\"]}]}<\/script>\n<!-- \/ Yoast SEO plugin. -->","yoast_head_json":{"title":"Millibar - Astro Controls","description":"Vaccon maakt vacuumproducten die gebaseerd zijn op het Venturi principe. Hierdoor kan met lagere kosten een hoog vacuum behaald worden.","robots":{"index":"index","follow":"follow","max-snippet":"max-snippet:-1","max-image-preview":"max-image-preview:large","max-video-preview":"max-video-preview:-1"},"canonical":"https:\/\/www.astro.nl\/en\/millibar-robotics\/","og_locale":"en_US","og_type":"article","og_title":"Millibar - Astro Controls","og_description":"Vaccon maakt vacuumproducten die gebaseerd zijn op het Venturi principe. Hierdoor kan met lagere kosten een hoog vacuum behaald worden.","og_url":"https:\/\/www.astro.nl\/en\/millibar-robotics\/","og_site_name":"Astro Controls","article_modified_time":"2025-11-18T15:25:22+00:00","og_image":[{"width":2560,"height":1920,"url":"https:\/\/www.astro.nl\/wordpress\/wp-content\/uploads\/2025\/11\/Millibar-Robotics-Overview-scaled.jpg","type":"image\/jpeg"}],"twitter_card":"summary_large_image","twitter_misc":{"Est. reading time":"1 minute"},"schema":{"@context":"https:\/\/schema.org","@graph":[{"@type":"WebPage","@id":"https:\/\/www.astro.nl\/millibar-robotics\/","url":"https:\/\/www.astro.nl\/millibar-robotics\/","name":"Millibar - Astro Controls","isPartOf":{"@id":"https:\/\/www.astro.nl\/#website"},"primaryImageOfPage":{"@id":"https:\/\/www.astro.nl\/millibar-robotics\/#primaryimage"},"image":{"@id":"https:\/\/www.astro.nl\/millibar-robotics\/#primaryimage"},"thumbnailUrl":"https:\/\/www.astro.nl\/wordpress\/wp-content\/uploads\/2025\/11\/Millibar-Robotics-Overview-scaled.jpg","datePublished":"2025-11-18T15:24:28+00:00","dateModified":"2025-11-18T15:25:22+00:00","description":"Vaccon maakt vacuumproducten die gebaseerd zijn op het Venturi principe. Hierdoor kan met lagere kosten een hoog vacuum behaald worden.","breadcrumb":{"@id":"https:\/\/www.astro.nl\/millibar-robotics\/#breadcrumb"},"inLanguage":"en-US","potentialAction":[{"@type":"ReadAction","target":["https:\/\/www.astro.nl\/millibar-robotics\/"]}]},{"@type":"ImageObject","inLanguage":"en-US","@id":"https:\/\/www.astro.nl\/millibar-robotics\/#primaryimage","url":"https:\/\/www.astro.nl\/wordpress\/wp-content\/uploads\/2025\/11\/Millibar-Robotics-Overview-scaled.jpg","contentUrl":"https:\/\/www.astro.nl\/wordpress\/wp-content\/uploads\/2025\/11\/Millibar-Robotics-Overview-scaled.jpg","width":2560,"height":1920,"caption":"Millibar Vacuum Robotics"},{"@type":"BreadcrumbList","@id":"https:\/\/www.astro.nl\/millibar-robotics\/#breadcrumb","itemListElement":[{"@type":"ListItem","position":1,"name":"Home","item":"https:\/\/www.astro.nl\/"},{"@type":"ListItem","position":2,"name":"Millibar"}]},{"@type":"WebSite","@id":"https:\/\/www.astro.nl\/#website","url":"https:\/\/www.astro.nl\/","name":"Astro Controls","description":"Elektrische Cilinders | Pneumatische Ventielen | Cobots","publisher":{"@id":"https:\/\/www.astro.nl\/#organization"},"potentialAction":[{"@type":"SearchAction","target":{"@type":"EntryPoint","urlTemplate":"https:\/\/www.astro.nl\/?s={search_term_string}"},"query-input":{"@type":"PropertyValueSpecification","valueRequired":true,"valueName":"search_term_string"}}],"inLanguage":"en-US"},{"@type":"Organization","@id":"https:\/\/www.astro.nl\/#organization","name":"Astro Controls","url":"https:\/\/www.astro.nl\/","logo":{"@type":"ImageObject","inLanguage":"en-US","@id":"https:\/\/www.astro.nl\/#\/schema\/logo\/image\/","url":"https:\/\/www.astro.nl\/wordpress\/wp-content\/uploads\/2023\/08\/Astro_logo.png","contentUrl":"https:\/\/www.astro.nl\/wordpress\/wp-content\/uploads\/2023\/08\/Astro_logo.png","width":1491,"height":804,"caption":"Astro Controls"},"image":{"@id":"https:\/\/www.astro.nl\/#\/schema\/logo\/image\/"},"sameAs":["https:\/\/www.linkedin.com\/company\/astro-controls-bv"]}]}},"_links":{"self":[{"href":"https:\/\/www.astro.nl\/en\/wp-json\/wp\/v2\/pages\/16427","targetHints":{"allow":["GET"]}}],"collection":[{"href":"https:\/\/www.astro.nl\/en\/wp-json\/wp\/v2\/pages"}],"about":[{"href":"https:\/\/www.astro.nl\/en\/wp-json\/wp\/v2\/types\/page"}],"author":[{"embeddable":true,"href":"https:\/\/www.astro.nl\/en\/wp-json\/wp\/v2\/users\/1"}],"replies":[{"embeddable":true,"href":"https:\/\/www.astro.nl\/en\/wp-json\/wp\/v2\/comments?post=16427"}],"version-history":[{"count":4,"href":"https:\/\/www.astro.nl\/en\/wp-json\/wp\/v2\/pages\/16427\/revisions"}],"predecessor-version":[{"id":16432,"href":"https:\/\/www.astro.nl\/en\/wp-json\/wp\/v2\/pages\/16427\/revisions\/16432"}],"wp:featuredmedia":[{"embeddable":true,"href":"https:\/\/www.astro.nl\/en\/wp-json\/wp\/v2\/media\/16428"}],"wp:attachment":[{"href":"https:\/\/www.astro.nl\/en\/wp-json\/wp\/v2\/media?parent=16427"}],"curies":[{"name":"wp","href":"https:\/\/api.w.org\/{rel}","templated":true}]}}